{"id":104,"date":"2021-01-13T04:19:13","date_gmt":"2021-01-13T01:19:13","guid":{"rendered":"http:\/\/softetik.com\/index.php\/about\/"},"modified":"2025-05-26T15:29:02","modified_gmt":"2025-05-26T12:29:02","slug":"about","status":"publish","type":"page","link":"https:\/\/www.sesiniduyanvar.com\/index.php\/about\/","title":{"rendered":"About"},"content":{"rendered":"\t\t<div data-elementor-type=\"wp-page\" data-elementor-id=\"104\" class=\"elementor elementor-104\">\n\t\t\t\t<div class=\"aux-parallax-section elementor-element elementor-element-9e15347 e-flex e-con-boxed e-con e-parent\" data-id=\"9e15347\" data-element_type=\"container\">\n\t\t\t\t\t<div class=\"e-con-inner\">\n\t\t<div class=\"elementor-element elementor-element-a73df37 e-con-full e-flex e-con e-child\" data-id=\"a73df37\" data-element_type=\"container\">\n\t\t\t\t<div class=\"aux-scroll-anim elementor-element elementor-element-b523671 aux-appear-watch-animation aux-fade-in-down-1 aux-shpe-type-circle elementor-widget elementor-widget-aux_simple_shape\" data-move-in=\"moveVertical\" data-move-out=\"moveVertical\" data-axis-x=\"200\" data-axis-y=\"-50\" data-rotate=\"90\" data-scale=\"1\" data-vp-top=\"0.5\" data-vp-bot=\"0.5\" data-el-top=\"0.2\" data-scroll-animation-off=\"1024\" data-id=\"b523671\" data-element_type=\"widget\" data-widget_type=\"aux_simple_shape.default\">\n\t\t\t\t<div class=\"elementor-widget-container\">\n\t\t\t\t\t    <div class=\"aux-widget-container aux-simple-shape-container\">\n        <div class=\"aux-widget-container-inner\">\n            <div class=\"aux-the-shape\"><\/div>\n        <\/div>\n    <\/div>\n    \t\t\t\t<\/div>\n\t\t\t\t<\/div>\n\t\t\t\t<div class=\"aux-scroll-anim elementor-element elementor-element-01682a2 aux-appear-watch-animation aux-fade-in-up-1 elementor-widget elementor-widget-aux_image\" data-move-in=\"moveVertical\" data-move-out=\"moveVertical\" data-axis-x=\"200\" data-axis-y=\"50\" data-rotate=\"90\" data-scale=\"1\" data-vp-top=\"0.5\" data-vp-bot=\"0.5\" data-el-top=\"0.2\" data-scroll-animation-off=\"1024\" data-id=\"01682a2\" data-element_type=\"widget\" data-widget_type=\"aux_image.default\">\n\t\t\t\t<div class=\"elementor-widget-container\">\n\t\t\t\t\t<section class=\"widget-container aux-widget-image aux-alignnone aux-parent-auc4a32723\">\n    <div class=\"aux-media-hint-frame \">\n        <div class=\"aux-media-image \" >\n        \n            \n\n            \n            <img fetchpriority=\"high\" decoding=\"async\" width=\"1536\" height=\"1024\" src=\"data:image\/gif;base64,R0lGODlhAQABAIAAAAAAAP\/\/\/yH5BAEAAAAALAAAAAABAAEAAAIBRAA7\" class=\"aux-attachment aux-featured-image aux-attachment-id-175 aux-preload aux-blank\" alt=\"ChatGPT-Image-25-May-2025-17_34_14\" data-ratio=\"1.5\" data-original-w=\"1536\" data-src=\"https:\/\/www.sesiniduyanvar.com\r\n\/wp-content\/uploads\/2025\/05\/ChatGPT-Image-25-May-2025-17_34_14.png\" \/>            \n                <\/div>\n    <\/div>\n\n<\/section><!-- widget-container -->\t\t\t\t<\/div>\n\t\t\t\t<\/div>\n\t\t\t\t<div class=\"elementor-element elementor-element-1fd4df5 elementor-widget__width-auto aux-appear-watch-animation aux-scale-down-1 elementor-widget elementor-widget-aux_modern_button\" data-id=\"1fd4df5\" data-element_type=\"widget\" data-widget_type=\"aux_modern_button.default\">\n\t\t\t\t<div class=\"elementor-widget-container\">\n\t\t\t\t\t    <div class=\"aux-modern-button-wrapper aux-modern-button-align-center\" >\n                    <a class=\"aux-modern-button aux-black aux-modern-button-md aux-modern-button-normal aux-modern-button-default aux-icon-top\" href=\"#\">\n                <div class=\"aux-overlay\"><\/div>\n                                    <div class=\"aux-icon \">\n                                            <\/div>\n                                <div class=\"aux-text\">\n                <\/div>\n            <\/a>\n            \n    <\/div>\n\n    \t\t\t\t<\/div>\n\t\t\t\t<\/div>\n\t\t\t\t<\/div>\n\t\t<div class=\"elementor-element elementor-element-675ad4f e-con-full e-flex e-con e-child\" data-id=\"675ad4f\" data-element_type=\"container\">\n\t\t\t\t<div class=\"elementor-element elementor-element-c6bc757 aux-appear-watch-animation aux-fade-in-up-1 elementor-widget elementor-widget-aux_modern_heading\" data-id=\"c6bc757\" data-element_type=\"widget\" data-widget_type=\"aux_modern_heading.default\">\n\t\t\t\t<div class=\"elementor-widget-container\">\n\t\t\t\t\t<section class=\"aux-widget-modern-heading\">\n            <div class=\"aux-widget-inner\"><p class=\"aux-modern-heading-primary\">hakk\u0131m\u0131zda<\/p><h3 class=\"aux-modern-heading-secondary\"><span class=\"aux-head-before\">Toplumu ba\u011flayan ses: \u201cSesini Duyan Var!\u201d<\/span><\/h3><div class=\"aux-modern-heading-description\"><p data-start=\"73\" data-end=\"215\"><strong data-start=\"73\" data-end=\"95\">\u201cSesini Duyan Var\u201d<\/strong>, afet anlar\u0131nda ileti\u015fimin kopmamas\u0131 i\u00e7in g\u00f6n\u00fcll\u00fcler taraf\u0131ndan ba\u015flat\u0131lm\u0131\u015f bir fark\u0131ndal\u0131k ve haberle\u015fme projesidir.<\/p><p data-start=\"217\" data-end=\"385\">Projemiz, halk\u0131n kolayca temin edebilece\u011fi <strong data-start=\"260\" data-end=\"284\">PMR telsiz cihazlar\u0131<\/strong> ile altyap\u0131ya ihtiya\u00e7 duymadan <strong data-start=\"316\" data-end=\"359\">afet an\u0131nda do\u011frudan ileti\u015fim kurmas\u0131n\u0131<\/strong> sa\u011flamay\u0131 ama\u00e7lamaktad\u0131r.<\/p><p data-start=\"387\" data-end=\"453\">\ud83d\udd38 <strong data-start=\"390\" data-end=\"402\">Frekans:<\/strong> 446.00625 MHz<br data-start=\"416\" data-end=\"419\" \/>\ud83d\udd38 <strong data-start=\"422\" data-end=\"432\">Kanal:<\/strong> 1-00 (Deprem Kanal\u0131)<\/p><p data-start=\"455\" data-end=\"615\">Afet \u00e7antas\u0131nda mutlaka bulunmas\u0131 \u00f6nerilen bu telsizler sayesinde; kom\u015fular, aile bireyleri ve arama kurtarma ekipleri aras\u0131nda kesintisiz ba\u011flant\u0131 kurulabilir.<\/p><p data-start=\"617\" data-end=\"731\">Proje liderimiz <strong data-start=\"633\" data-end=\"655\">Hasan Tahsin Yavuz<\/strong>, y\u0131llard\u0131r afet bilinci ve telsiz e\u011fitimi \u00fczerine \u00e7al\u0131\u015fmalar y\u00fcr\u00fctmektedir.<\/p><hr data-start=\"733\" data-end=\"736\" \/><p data-start=\"738\" data-end=\"822\">\ud83d\udcde <strong data-start=\"741\" data-end=\"754\">\u0130leti\u015fim:<\/strong><br data-start=\"754\" data-end=\"757\" \/>Hasan Tahsin YAVUZ \u2013 0505 888 56 45<br data-start=\"792\" data-end=\"795\" \/>\ud83d\udce7 <a class=\"cursor-pointer\" rel=\"noopener\" data-start=\"798\" data-end=\"820\">info@foxelektronik.com<\/a><\/p><p data-start=\"824\" data-end=\"897\" data-is-last-node=\"\" data-is-only-node=\"\">\ud83d\udde3\ufe0f <strong data-start=\"828\" data-end=\"861\">Telefon susar, telsiz susmaz!<\/strong><br data-start=\"861\" data-end=\"864\" \/><strong data-start=\"864\" data-end=\"897\" data-is-last-node=\"\">Sesini duyur, ba\u011flant\u0131da kal.<\/strong><\/p><\/div><\/div>\n        <\/section>\t\t\t\t<\/div>\n\t\t\t\t<\/div>\n\t\t\t\t<div class=\"elementor-element elementor-element-d19500e aux-appear-watch-animation aux-mask-from-left elementor-widget elementor-widget-aux_image\" data-id=\"d19500e\" data-element_type=\"widget\" data-widget_type=\"aux_image.default\">\n\t\t\t\t<div class=\"elementor-widget-container\">\n\t\t\t\t\t<section class=\"widget-container aux-widget-image aux-alignnone aux-parent-aua5cd6966\">\n    <div class=\"aux-media-hint-frame \">\n        <div class=\"aux-media-image \" >\n        \n            \n\n            \n            <img decoding=\"async\" width=\"300\" height=\"300\" src=\"data:image\/gif;base64,R0lGODlhAQABAIAAAAAAAP\/\/\/yH5BAEAAAAALAAAAAABAAEAAAIBRAA7\" class=\"aux-attachment aux-featured-image aux-attachment-id-344 aux-preload aux-blank\" alt=\"ChatGPT Image 26 May 2025 15_20_55\" data-ratio=\"1\" data-original-w=\"1024\" sizes=\"auto\" data-srcset=\"https:\/\/www.sesiniduyanvar.com\r\n\/wp-content\/uploads\/2025\/05\/ChatGPT-Image-26-May-2025-15_20_55-150x150.png 150w,https:\/\/www.sesiniduyanvar.com\r\n\/wp-content\/uploads\/2025\/05\/ChatGPT-Image-26-May-2025-15_20_55-300x300.png 300w,https:\/\/www.sesiniduyanvar.com\r\n\/wp-content\/uploads\/2025\/05\/ChatGPT-Image-26-May-2025-15_20_55-768x768.png 768w,https:\/\/www.sesiniduyanvar.com\r\n\/wp-content\/uploads\/2025\/05\/ChatGPT-Image-26-May-2025-15_20_55-300x300.png 300w\" data-src=\"https:\/\/www.sesiniduyanvar.com\r\n\/wp-content\/uploads\/2025\/05\/ChatGPT-Image-26-May-2025-15_20_55-300x300.png\" \/>            \n                <\/div>\n    <\/div>\n\n<\/section><!-- widget-container -->\t\t\t\t<\/div>\n\t\t\t\t<\/div>\n\t\t\t\t<\/div>\n\t\t\t\t\t<\/div>\n\t\t\t\t<\/div>\n\t\t\t\t<\/div>\n\t\t","protected":false},"excerpt":{"rendered":"<p>hakk\u0131m\u0131zda Toplumu ba\u011flayan ses: \u201cSesini Duyan Var!\u201d \u201cSesini Duyan Var\u201d, afet anlar\u0131nda ileti\u015fimin kopmamas\u0131 i\u00e7in g\u00f6n\u00fcll\u00fcler taraf\u0131ndan ba\u015flat\u0131lm\u0131\u015f bir fark\u0131ndal\u0131k ve haberle\u015fme projesidir. Projemiz, halk\u0131n kolayca temin edebilece\u011fi PMR telsiz cihazlar\u0131 ile altyap\u0131ya ihtiya\u00e7 duymadan afet an\u0131nda do\u011frudan ileti\u015fim kurmas\u0131n\u0131 sa\u011flamay\u0131 ama\u00e7lamaktad\u0131r. \ud83d\udd38 Frekans: 446.00625 MHz\ud83d\udd38 Kanal: 1-00 (Deprem Kanal\u0131) Afet \u00e7antas\u0131nda mutlaka bulunmas\u0131 \u00f6nerilen [&hellip;]<\/p>\n","protected":false},"author":1,"featured_media":0,"parent":0,"menu_order":0,"comment_status":"closed","ping_status":"closed","template":"templates\/page-builder-content.php","meta":{"footnotes":""},"class_list":["post-104","page","type-page","status-publish","hentry"],"_links":{"self":[{"href":"https:\/\/www.sesiniduyanvar.com\/index.php\/wp-json\/wp\/v2\/pages\/104","targetHints":{"allow":["GET"]}}],"collection":[{"href":"https:\/\/www.sesiniduyanvar.com\/index.php\/wp-json\/wp\/v2\/pages"}],"about":[{"href":"https:\/\/www.sesiniduyanvar.com\/index.php\/wp-json\/wp\/v2\/types\/page"}],"author":[{"embeddable":true,"href":"https:\/\/www.sesiniduyanvar.com\/index.php\/wp-json\/wp\/v2\/users\/1"}],"replies":[{"embeddable":true,"href":"https:\/\/www.sesiniduyanvar.com\/index.php\/wp-json\/wp\/v2\/comments?post=104"}],"version-history":[{"count":15,"href":"https:\/\/www.sesiniduyanvar.com\/index.php\/wp-json\/wp\/v2\/pages\/104\/revisions"}],"predecessor-version":[{"id":360,"href":"https:\/\/www.sesiniduyanvar.com\/index.php\/wp-json\/wp\/v2\/pages\/104\/revisions\/360"}],"wp:attachment":[{"href":"https:\/\/www.sesiniduyanvar.com\/index.php\/wp-json\/wp\/v2\/media?parent=104"}],"curies":[{"name":"wp","href":"https:\/\/api.w.org\/{rel}","templated":true}]}}