{"id":105,"date":"2021-01-13T04:17:31","date_gmt":"2021-01-13T01:17:31","guid":{"rendered":"http:\/\/softetik.com\/index.php\/blog\/"},"modified":"2025-05-26T15:29:56","modified_gmt":"2025-05-26T12:29:56","slug":"blog","status":"publish","type":"page","link":"https:\/\/www.sesiniduyanvar.com\/index.php\/blog\/","title":{"rendered":"Blog"},"content":{"rendered":"\t\t<div data-elementor-type=\"wp-page\" data-elementor-id=\"105\" class=\"elementor elementor-105\">\n\t\t\t\t<div class=\"aux-parallax-section elementor-element elementor-element-6fbe7a5 e-flex e-con-boxed e-con e-parent\" data-id=\"6fbe7a5\" data-element_type=\"container\">\n\t\t\t\t\t<div class=\"e-con-inner\">\n\t\t<div class=\"elementor-element elementor-element-1a55ccc e-con-full e-flex e-con e-child\" data-id=\"1a55ccc\" data-element_type=\"container\">\n\t\t\t\t<div class=\"elementor-element elementor-element-157f96c aux-appear-watch-animation aux-slide-from-top elementor-widget elementor-widget-aux_modern_heading\" data-id=\"157f96c\" data-element_type=\"widget\" data-widget_type=\"aux_modern_heading.default\">\n\t\t\t\t<div class=\"elementor-widget-container\">\n\t\t\t\t\t<section class=\"aux-widget-modern-heading\">\n            <div class=\"aux-widget-inner\"><p class=\"aux-modern-heading-primary\">Blog<\/p><h5 class=\"aux-modern-heading-secondary\"><span class=\"aux-head-before\">Son Eklenen Haberler<\/span><\/h5><\/div>\n        <\/section>\t\t\t\t<\/div>\n\t\t\t\t<\/div>\n\t\t\t\t<div class=\"elementor-element elementor-element-56ebafc elementor-widget elementor-widget-aux_recent_posts\" data-id=\"56ebafc\" data-element_type=\"widget\" data-settings=\"{&quot;columns&quot;:&quot;2&quot;,&quot;columns_tablet&quot;:&quot;1&quot;,&quot;columns_mobile&quot;:&quot;1&quot;}\" data-widget_type=\"aux_recent_posts.default\">\n\t\t\t\t<div class=\"elementor-widget-container\">\n\t\t\t\t\t<section class=\"widget-container aux-widget-recent-posts aux-parent-au561a9d80\"><div data-element-id=\"au561a9d80\" class=\"aux-match-height aux-row aux-de-col2 aux-tb-col1 aux-mb-col1 aux-total-3 aux-ajax-view  \"><div class=\"aux-col post-299\">\n                        <article class=\"post column-entry post-299 type-post status-publish format-standard has-post-thumbnail hentry category-news\">\n                                                        <div class=\"entry-media\"><div class=\"aux-media-frame aux-media-image aux-image-mask\"><a href=\"https:\/\/www.sesiniduyanvar.com\/index.php\/2025\/05\/26\/sesini-duyan-var-projesi-hizla-buyuyor\/\"><img fetchpriority=\"high\" decoding=\"async\" width=\"970\" height=\"688\" src=\"data:image\/gif;base64,R0lGODlhAQABAIAAAAAAAP\/\/\/yH5BAEAAAAALAAAAAABAAEAAAIBRAA7\" class=\"aux-attachment aux-featured-image attachment-970x688.7 aux-attachment-id-301  aux-preload aux-blank\" alt=\"whatsapp_gorsel_2025-04-13_saat_17-06-14_3d3aeb52\" data-ratio=\"1.41\" data-original-w=\"1600\" sizes=\"auto\" data-srcset=\"https:\/\/www.sesiniduyanvar.com\r\n\/wp-content\/uploads\/2025\/05\/whatsapp_gorsel_2025-04-13_saat_17-06-14_3d3aeb52-150x107.jpg 150w,https:\/\/www.sesiniduyanvar.com\r\n\/wp-content\/uploads\/2025\/05\/whatsapp_gorsel_2025-04-13_saat_17-06-14_3d3aeb52-300x213.jpg 300w,https:\/\/www.sesiniduyanvar.com\r\n\/wp-content\/uploads\/2025\/05\/whatsapp_gorsel_2025-04-13_saat_17-06-14_3d3aeb52-768x545.jpg 768w,https:\/\/www.sesiniduyanvar.com\r\n\/wp-content\/uploads\/2025\/05\/whatsapp_gorsel_2025-04-13_saat_17-06-14_3d3aeb52-1024x727.jpg 1024w,https:\/\/www.sesiniduyanvar.com\r\n\/wp-content\/uploads\/2025\/05\/whatsapp_gorsel_2025-04-13_saat_17-06-14_3d3aeb52-970x689.jpg 970w,https:\/\/www.sesiniduyanvar.com\r\n\/wp-content\/uploads\/2025\/05\/whatsapp_gorsel_2025-04-13_saat_17-06-14_3d3aeb52-1590x1128.jpg 1590w\" data-src=\"https:\/\/www.sesiniduyanvar.com\r\n\/wp-content\/uploads\/2025\/05\/whatsapp_gorsel_2025-04-13_saat_17-06-14_3d3aeb52-970x689.jpg\" \/><\/a><\/div><\/div>\n                            \n                            <div class=\"entry-main\">\n                                                        \n                                <header class=\"entry-header\">\n                                \n                                    <h4 class=\"entry-title\">\n                                        <a href=\"https:\/\/www.sesiniduyanvar.com\/index.php\/2025\/05\/26\/sesini-duyan-var-projesi-hizla-buyuyor\/\">\n                                            Sesini Duyan Var Projesi h\u0131zla b\u00fcy\u00fcyor                                        <\/a>\n                                    <\/h4>\n                                                                    <div class=\"entry-format\">\n                                        <a href=\"https:\/\/www.sesiniduyanvar.com\/index.php\/2025\/05\/26\/sesini-duyan-var-projesi-hizla-buyuyor\/\">\n                                            <div class=\"post-format format-\"> <\/div>\n                                        <\/a>\n                                    <\/div>\n                                <\/header>\n                                                            \n                                <div class=\"entry-info\">\n                                                                    <div class=\"entry-date\">\n                                        <a href=\"https:\/\/www.sesiniduyanvar.com\/index.php\/2025\/05\/26\/sesini-duyan-var-projesi-hizla-buyuyor\/\">\n                                            <time datetime=\"2025-05-26T14:08:51+03:00\" title=\"2025-05-26T14:08:51+03:00\" >26 May\u0131s 2025<\/time>\n                                        <\/a>\n                                    <\/div>\n                                                                                                                                                                                                        <\/div>\n                            \n                                                            <div class=\"entry-content\">\n                                                                            <p>\nAfet anlar\u0131nda ileti\u015fim hayatt\u0131r. \u201cSesini Duyan Var\u201d projesi, afet ve acil durumlarda telsiz ileti\u015fimini yayg\u0131nla\u015ft\u0131rarak halk\u0131m\u0131z\u0131n g\u00fcvenli\u011fini ve dayan\u0131\u015fmas\u0131 ...<\/p><div class=\"clear\"><\/div>                                <\/div>\n                                                                                        <footer class=\"entry-meta aux-after-content\">\n                                                                        <div class=\"readmore\">\n                                        <a href=\"https:\/\/www.sesiniduyanvar.com\/index.php\/2025\/05\/26\/sesini-duyan-var-projesi-hizla-buyuyor\/\" class=\"aux-read-more\"><span class=\"aux-read-more-text\">Read More<\/span><\/a>\n                                    <\/div>\n                                                                    <\/footer>\n                            \n                            <\/div>\n\n                        <\/article>\n<\/div><div class=\"aux-col post-293\">\n                        <article class=\"post column-entry post-293 type-post status-publish format-standard has-post-thumbnail hentry category-project\">\n                                                        <div class=\"entry-media\"><div class=\"aux-media-frame aux-media-image aux-image-mask\"><a href=\"https:\/\/www.sesiniduyanvar.com\/index.php\/2025\/05\/26\/sesini-duyan-var-projesi-ile-guclu-turkiye\/\"><img decoding=\"async\" width=\"660\" height=\"360\" src=\"data:image\/gif;base64,R0lGODlhAQABAIAAAAAAAP\/\/\/yH5BAEAAAAALAAAAAABAAEAAAIBRAA7\" class=\"aux-attachment aux-featured-image attachment-660x360 aux-attachment-id-294  aux-preload aux-blank\" alt=\"afad-gonulluleri-her-turlu-senaryo-icin-hazirlaniyor-491411\" data-ratio=\"1.41\" data-original-w=\"660\" sizes=\"auto\" data-srcset=\"https:\/\/www.sesiniduyanvar.com\r\n\/wp-content\/uploads\/2025\/05\/afad-gonulluleri-her-turlu-senaryo-icin-hazirlaniyor-491411-150x107.jpg 150w,https:\/\/www.sesiniduyanvar.com\r\n\/wp-content\/uploads\/2025\/05\/afad-gonulluleri-her-turlu-senaryo-icin-hazirlaniyor-491411-300x213.jpg 300w,https:\/\/www.sesiniduyanvar.com\r\n\/wp-content\/uploads\/2025\/05\/afad-gonulluleri-her-turlu-senaryo-icin-hazirlaniyor-491411-970x689.jpg 660w,https:\/\/www.sesiniduyanvar.com\r\n\/wp-content\/uploads\/2025\/05\/afad-gonulluleri-her-turlu-senaryo-icin-hazirlaniyor-491411-650x461.jpg 650w\" data-src=\"https:\/\/www.sesiniduyanvar.com\r\n\/wp-content\/uploads\/2025\/05\/afad-gonulluleri-her-turlu-senaryo-icin-hazirlaniyor-491411-970x689.jpg\" \/><\/a><\/div><\/div>\n                            \n                            <div class=\"entry-main\">\n                                                        \n                                <header class=\"entry-header\">\n                                \n                                    <h4 class=\"entry-title\">\n                                        <a href=\"https:\/\/www.sesiniduyanvar.com\/index.php\/2025\/05\/26\/sesini-duyan-var-projesi-ile-guclu-turkiye\/\">\n                                            Sesini Duyan Var Projesi \u0130le G\u00fc\u00e7l\u00fc T\u00fcrkiye                                        <\/a>\n                                    <\/h4>\n                                                                    <div class=\"entry-format\">\n                                        <a href=\"https:\/\/www.sesiniduyanvar.com\/index.php\/2025\/05\/26\/sesini-duyan-var-projesi-ile-guclu-turkiye\/\">\n                                            <div class=\"post-format format-\"> <\/div>\n                                        <\/a>\n                                    <\/div>\n                                <\/header>\n                                                            \n                                <div class=\"entry-info\">\n                                                                    <div class=\"entry-date\">\n                                        <a href=\"https:\/\/www.sesiniduyanvar.com\/index.php\/2025\/05\/26\/sesini-duyan-var-projesi-ile-guclu-turkiye\/\">\n                                            <time datetime=\"2025-05-26T13:59:36+03:00\" title=\"2025-05-26T13:59:36+03:00\" >26 May\u0131s 2025<\/time>\n                                        <\/a>\n                                    <\/div>\n                                                                                                                                                                                                        <\/div>\n                            \n                                                            <div class=\"entry-content\">\n                                                                            <p>\nAfetlerde Sesiniz Kaybolmas\u0131n, Dayan\u0131\u015fma G\u00fcc\u00fcn\u00fcz\u00fc G\u00f6sterin!\n\n\n\n\"Sesini Duyan Var\", T\u00fcrkiye\u2019nin afetlere kar\u015f\u0131 daha diren\u00e7li bir toplum haline gelmesini ama\u00e7lay ...<\/p><div class=\"clear\"><\/div>                                <\/div>\n                                                                                        <footer class=\"entry-meta aux-after-content\">\n                                                                        <div class=\"readmore\">\n                                        <a href=\"https:\/\/www.sesiniduyanvar.com\/index.php\/2025\/05\/26\/sesini-duyan-var-projesi-ile-guclu-turkiye\/\" class=\"aux-read-more\"><span class=\"aux-read-more-text\">Read More<\/span><\/a>\n                                    <\/div>\n                                                                    <\/footer>\n                            \n                            <\/div>\n\n                        <\/article>\n<\/div><div class=\"aux-col post-276\">\n                        <article class=\"post column-entry post-276 type-post status-publish format-standard has-post-thumbnail hentry category-services\">\n                                                        <div class=\"entry-media\"><div class=\"aux-media-frame aux-media-image aux-image-mask\"><a href=\"https:\/\/www.sesiniduyanvar.com\/index.php\/2025\/05\/26\/afet-haberlesme-kiti-ile-hayat-kurtar\/\"><img decoding=\"async\" width=\"970\" height=\"688\" src=\"data:image\/gif;base64,R0lGODlhAQABAIAAAAAAAP\/\/\/yH5BAEAAAAALAAAAAABAAEAAAIBRAA7\" class=\"aux-attachment aux-featured-image attachment-970x688.7 aux-attachment-id-289  aux-preload aux-blank\" alt=\"afet-haberlesme-kiti\" data-ratio=\"1.41\" data-original-w=\"1303\" sizes=\"auto\" data-srcset=\"https:\/\/www.sesiniduyanvar.com\r\n\/wp-content\/uploads\/2025\/05\/afet-haberlesme-kiti-150x107.png 150w,https:\/\/www.sesiniduyanvar.com\r\n\/wp-content\/uploads\/2025\/05\/afet-haberlesme-kiti-300x213.png 300w,https:\/\/www.sesiniduyanvar.com\r\n\/wp-content\/uploads\/2025\/05\/afet-haberlesme-kiti-768x545.png 768w,https:\/\/www.sesiniduyanvar.com\r\n\/wp-content\/uploads\/2025\/05\/afet-haberlesme-kiti-1024x727.png 1024w,https:\/\/www.sesiniduyanvar.com\r\n\/wp-content\/uploads\/2025\/05\/afet-haberlesme-kiti-970x689.png 970w,https:\/\/www.sesiniduyanvar.com\r\n\/wp-content\/uploads\/2025\/05\/afet-haberlesme-kiti-1293x918.png 1293w\" data-src=\"https:\/\/www.sesiniduyanvar.com\r\n\/wp-content\/uploads\/2025\/05\/afet-haberlesme-kiti-970x689.png\" \/><\/a><\/div><\/div>\n                            \n                            <div class=\"entry-main\">\n                                                        \n                                <header class=\"entry-header\">\n                                \n                                    <h4 class=\"entry-title\">\n                                        <a href=\"https:\/\/www.sesiniduyanvar.com\/index.php\/2025\/05\/26\/afet-haberlesme-kiti-ile-hayat-kurtar\/\">\n                                            Afet Haberle\u015fme Kiti ile Hayat Kurtar                                        <\/a>\n                                    <\/h4>\n                                                                    <div class=\"entry-format\">\n                                        <a href=\"https:\/\/www.sesiniduyanvar.com\/index.php\/2025\/05\/26\/afet-haberlesme-kiti-ile-hayat-kurtar\/\">\n                                            <div class=\"post-format format-\"> <\/div>\n                                        <\/a>\n                                    <\/div>\n                                <\/header>\n                                                            \n                                <div class=\"entry-info\">\n                                                                    <div class=\"entry-date\">\n                                        <a href=\"https:\/\/www.sesiniduyanvar.com\/index.php\/2025\/05\/26\/afet-haberlesme-kiti-ile-hayat-kurtar\/\">\n                                            <time datetime=\"2025-05-26T13:44:01+03:00\" title=\"2025-05-26T13:44:01+03:00\" >26 May\u0131s 2025<\/time>\n                                        <\/a>\n                                    <\/div>\n                                                                                                                                                                                                        <\/div>\n                            \n                                                            <div class=\"entry-content\">\n                                                                            <p>\n\n\n\nAfet anlar\u0131nda GSM altyap\u0131s\u0131 devre d\u0131\u015f\u0131 kald\u0131\u011f\u0131nda, telsiz tabanl\u0131 haberle\u015fme sistemleri ba\u011f\u0131ms\u0131z ve g\u00fcvenilir ileti\u015fim imkan\u0131 sunar.Afet Haberle\u015fme Kiti, P ...<\/p><div class=\"clear\"><\/div>                                <\/div>\n                                                                                        <footer class=\"entry-meta aux-after-content\">\n                                                                        <div class=\"readmore\">\n                                        <a href=\"https:\/\/www.sesiniduyanvar.com\/index.php\/2025\/05\/26\/afet-haberlesme-kiti-ile-hayat-kurtar\/\" class=\"aux-read-more\"><span class=\"aux-read-more-text\">Read More<\/span><\/a>\n                                    <\/div>\n                                                                    <\/footer>\n                            \n                            <\/div>\n\n                        <\/article>\n<\/div><\/div><\/section><!-- widget-container -->\t\t\t\t<\/div>\n\t\t\t\t<\/div>\n\t\t\t\t<\/div>\n\t\t\t\t\t<\/div>\n\t\t\t\t<\/div>\n\t\t\t\t<\/div>\n\t\t","protected":false},"excerpt":{"rendered":"<p>Blog Son Eklenen Haberler Sesini Duyan Var Projesi h\u0131zla b\u00fcy\u00fcyor 26 May\u0131s 2025 | Edit Afet anlar\u0131nda ileti\u015fim hayatt\u0131r. \u201cSesini Duyan Var\u201d projesi, afet ve acil durumlarda telsiz ileti\u015fimini yayg\u0131nla\u015ft\u0131rarak halk\u0131m\u0131z\u0131n g\u00fcvenli\u011fini ve dayan\u0131\u015fmas\u0131 &#8230; Read More Sesini Duyan Var Projesi \u0130le G\u00fc\u00e7l\u00fc T\u00fcrkiye 26 May\u0131s 2025 | Edit Afetlerde Sesiniz Kaybolmas\u0131n, Dayan\u0131\u015fma G\u00fcc\u00fcn\u00fcz\u00fc G\u00f6sterin! [&hellip;]<\/p>\n","protected":false},"author":1,"featured_media":0,"parent":0,"menu_order":0,"comment_status":"closed","ping_status":"closed","template":"templates\/page-builder-content.php","meta":{"footnotes":""},"class_list":["post-105","page","type-page","status-publish","hentry"],"_links":{"self":[{"href":"https:\/\/www.sesiniduyanvar.com\/index.php\/wp-json\/wp\/v2\/pages\/105","targetHints":{"allow":["GET"]}}],"collection":[{"href":"https:\/\/www.sesiniduyanvar.com\/index.php\/wp-json\/wp\/v2\/pages"}],"about":[{"href":"https:\/\/www.sesiniduyanvar.com\/index.php\/wp-json\/wp\/v2\/types\/page"}],"author":[{"embeddable":true,"href":"https:\/\/www.sesiniduyanvar.com\/index.php\/wp-json\/wp\/v2\/users\/1"}],"replies":[{"embeddable":true,"href":"https:\/\/www.sesiniduyanvar.com\/index.php\/wp-json\/wp\/v2\/comments?post=105"}],"version-history":[{"count":3,"href":"https:\/\/www.sesiniduyanvar.com\/index.php\/wp-json\/wp\/v2\/pages\/105\/revisions"}],"predecessor-version":[{"id":363,"href":"https:\/\/www.sesiniduyanvar.com\/index.php\/wp-json\/wp\/v2\/pages\/105\/revisions\/363"}],"wp:attachment":[{"href":"https:\/\/www.sesiniduyanvar.com\/index.php\/wp-json\/wp\/v2\/media?parent=105"}],"curies":[{"name":"wp","href":"https:\/\/api.w.org\/{rel}","templated":true}]}}